{"id":3570,"date":"2018-01-19T13:43:53","date_gmt":"2018-01-19T15:43:53","guid":{"rendered":"https:\/\/calaedivino.com\/contato\/"},"modified":"2024-12-16T14:41:35","modified_gmt":"2024-12-16T17:41:35","slug":"contact","status":"publish","type":"page","link":"https:\/\/calaedivino.com\/en\/contact\/","title":{"rendered":"Contact"},"content":{"rendered":"<div class=\"wpb-content-wrapper\">[vc_row thb_full_width=&#8221;true&#8221; thb_row_padding=&#8221;true&#8221; thb_color=&#8221;light-title&#8221; full_height=&#8221;yes&#8221; content_placement=&#8221;middle&#8221; thb_divider_position=&#8221;bottom&#8221; css=&#8221;.vc_custom_1657720037845{background-image: url(https:\/\/calaedivino.com\/wp-content\/uploads\/2022\/07\/contato-caladivino.jpg?id=2633) !important;background-position: center !important;background-repeat: no-repeat !important;background-size: cover !important;}&#8221; thb_divider_color=&#8221;#19191c&#8221; thb_divider_height=&#8221;250&#8243; thb_divider_mobile_height=&#8221;130&#8243; el_class=&#8221;align-center vc_hidden-sm vc_hidden-xs&#8221;][vc_column thb_color=&#8221;thb-light-column&#8221; width=&#8221;1\/3&#8243; css=&#8221;.vc_custom_1654120053162{padding-top: 45px !important;padding-right: 45px !important;padding-bottom: 45px !important;padding-left: 12vh !important;}&#8221;]\t<div id=\"thb-slidetype-69df00a1016cf\" class=\"thb-slidetype \" data-style=\"style1\">\n\t\t\n<h4><span class=\"thb-slidetype-entry\"><span class=\"lines\">CONTACT<\/span><\/span><\/h4>\n\t\t\t\t<style>\n\t\t\t#thb-slidetype-69df00a1016cf .thb-slidetype-entry {\n\t\t\t\tcolor: #ffffff;\n\t\t\t}\n\t\t<\/style>\n\t\t\t<\/div>\n\n\t[vc_separator color=&#8221;custom&#8221; align=&#8221;align_left&#8221; el_width=&#8221;50&#8243; accent_color=&#8221;#b8b2a2&#8243;][vc_empty_space height=&#8221;35px&#8221;]\t<div id=\"thb-iconbox-69df00a1017fa\" class=\"thb-iconbox left type1    animation-true \" href=\"\" target=\"_self\" data-animation_speed=\"1.5\">\n\t\t\t\t\t\t<figure>\n\t\t\t<svg xmlns=\"http:\/\/www.w3.org\/2000\/svg\" viewBox=\"0 0 64 64\" enable-background=\"new 0 0 64 64\"><g fill=\"none\" stroke=\"#000\" stroke-width=\"2\" stroke-miterlimit=\"10\"><path d=\"m1 13h62v37h-62z\"\/><path d=\"m1 13l31 20 31-20\"\/><\/g><\/svg>\t\t<\/figure>\n\t\t\t\t<div class=\"iconbox-content\">\n\t\t\t\t\t\t\t<h5>reservas@divinoespelho.com.br<\/h5>\t\t\t<div class=\"thb-iconbox-text\">\n\t\t\t\t\t\t\t<\/div>\n\t\t<\/div>\n\t\t\t\t\t\t<style>\n\t\t\t\t\t\t\t\t\t\t\t\t\t\t\t\t\t\t\t\t\t\/* Hover *\/\n\t\t\t\t\t\t\t\t\t\t\t<\/style>\n\t\t\t<\/div>\n\t\t<a id=\"thb-iconbox-69df00a102bbf\" class=\"has-link thb-iconbox left type1    animation-true \" href=\"https:\/\/wa.me\/message\/463EFU6I2PEOA1\" target=\"_blank\" data-animation_speed=\"1.5\" rel=\"nofollow noopener\">\n\t\t\t\t\t\t<figure>\n\t\t\t<svg xmlns=\"http:\/\/www.w3.org\/2000\/svg\" viewBox=\"0 0 64 64\" enable-background=\"new 0 0 64 64\"><path fill=\"none\" stroke=\"#000\" stroke-width=\"2\" stroke-miterlimit=\"10\" d=\"m32 47h31v-42h-62v42h17v12z\"\/><\/svg>\t\t<\/figure>\n\t\t\t\t<div class=\"iconbox-content\">\n\t\t\t\t\t\t\t<h5>+55 73 9991-2929<\/h5>\t\t\t<div class=\"thb-iconbox-text\">\n\t\t\t\t\t\t\t<\/div>\n\t\t<\/div>\n\t\t\t\t\t\t<style>\n\t\t\t\t\t\t\t\t\t\t\t\t\t\t\t\t\t\t\t\t\t\/* Hover *\/\n\t\t\t\t\t\t\t\t\t\t\t<\/style>\n\t\t\t<\/a>\n\t\t<a id=\"thb-iconbox-69df00a102d8c\" class=\"has-link thb-iconbox left type1    animation-true \" href=\"https:\/\/wa.me\/message\/463EFU6I2PEOA1\" target=\"_blank\" data-animation_speed=\"1.5\" rel=\"nofollow noopener\">\n\t\t\t\t\t\t<figure>\n\t\t\t<svg xmlns=\"http:\/\/www.w3.org\/2000\/svg\" viewBox=\"0 0 64 64\" enable-background=\"new 0 0 64 64\"><path fill=\"none\" stroke=\"#000\" stroke-width=\"2\" stroke-miterlimit=\"10\" d=\"m32 47h31v-42h-62v42h17v12z\"\/><\/svg>\t\t<\/figure>\n\t\t\t\t<div class=\"iconbox-content\">\n\t\t\t\t\t\t\t<h5>+55 73 99840-6285<\/h5>\t\t\t<div class=\"thb-iconbox-text\">\n\t\t\t\t\t\t\t<\/div>\n\t\t<\/div>\n\t\t\t\t\t\t<style>\n\t\t\t\t\t\t\t\t\t\t\t\t\t\t\t\t\t\t\t\t\t\/* Hover *\/\n\t\t\t\t\t\t\t\t\t\t\t<\/style>\n\t\t\t<\/a>\n\t\t<a id=\"thb-iconbox-69df00a102f78\" class=\"has-link thb-iconbox left type1    animation-true \" href=\"https:\/\/wa.me\/5573999214314\" target=\"_blank\" data-animation_speed=\"1.5\" rel=\"nofollow noopener\">\n\t\t\t\t\t\t<figure>\n\t\t\t<svg xmlns=\"http:\/\/www.w3.org\/2000\/svg\" viewBox=\"0 0 64 64\" enable-background=\"new 0 0 64 64\"><path fill=\"none\" stroke=\"#000\" stroke-width=\"2\" stroke-miterlimit=\"10\" d=\"m32 47h31v-42h-62v42h17v12z\"\/><\/svg>\t\t<\/figure>\n\t\t\t\t<div class=\"iconbox-content\">\n\t\t\t\t\t\t\t<h5>+55 73 9921-4314<\/h5>\t\t\t<div class=\"thb-iconbox-text\">\n\t\t\t\t<p>Concierge Service<\/p>\n\t\t\t<\/div>\n\t\t<\/div>\n\t\t\t\t\t\t<style>\n\t\t\t\t\t\t\t\t\t\t\t\t\t\t\t\t\t\t\t\t\t\/* Hover *\/\n\t\t\t\t\t\t\t\t\t\t\t<\/style>\n\t\t\t<\/a>\n\t[\/vc_column][vc_column thb_color=&#8221;thb-light-column&#8221; width=&#8221;1\/2&#8243;][vc_toggle title=&#8221;DIRECTIONS&#8221; style=&#8221;arrow&#8221; color=&#8221;white&#8221; css=&#8221;&#8221;]\n<h6>The journey from the airport to Hotel Cal\u00e1 &amp; Divino takes about 2 hours.<br \/>\nPlease do not use Google Maps or Waze. Currently, these apps lead to an incorrect route. We are already working to fix this issue.<br \/>\nGoogle Maps or Waze can be used up to the roundabout at the entrance to Trancoso. From this point, we recommend following the instructions below:<\/h6>\n<h6>. Upon reaching the Trancoso roundabout, head towards Cara\u00edva\/Espelho.<br \/>\n. After approximately 20 minutes on a dirt road, you will reach the village of Itaporanga. Follow the signs directing you to Praia do Espelho.<br \/>\n. At the end of the street, turn right. Shortly after, there is a fork \u2013 you should take the left fork towards Praia do Espelho.<br \/>\n. In about 5 minutes, you will reach the entrance to the Outeiro das Brisas Condominium. Continue straight.<br \/>\n. 2 km after the entrance to the Outeiro das Brisas Condominium, there is a dirt road on the right, marked by a wooden sign with the Hotel Cal\u00e1 &amp; Divino logo \u2013 follow this road.<br \/>\n. Upon reaching the farm entrance, follow the signs for a few minutes until you reach our reception, which is located right next to the parking lot.<\/h6>\n[\/vc_toggle][vc_separator color=&#8221;custom&#8221; align=&#8221;align_left&#8221; el_width=&#8221;50&#8243; accent_color=&#8221;#b8b2a2&#8243;][\/vc_column][\/vc_row][vc_row thb_full_width=&#8221;true&#8221; thb_color=&#8221;light-title&#8221; content_placement=&#8221;middle&#8221; thb_divider_position=&#8221;bottom&#8221; css=&#8221;.vc_custom_1657720192664{padding-top: 21vh !important;padding-right: 20px !important;padding-bottom: 21vh !important;padding-left: 20px !important;background-image: url(https:\/\/calaedivino.com\/wp-content\/uploads\/2022\/07\/contato-caladivino.jpg?id=2633) !important;background-position: center !important;background-repeat: no-repeat !important;background-size: cover !important;}&#8221; thb_divider_color=&#8221;#19191c&#8221; thb_divider_height=&#8221;250&#8243; thb_divider_mobile_height=&#8221;130&#8243; el_class=&#8221;align-center vc_hidden-lg vc_hidden-md&#8221;][vc_column thb_color=&#8221;thb-light-column&#8221;]\t<div id=\"thb-slidetype-69df00a103195\" class=\"thb-slidetype \" data-style=\"style1\">\n\t\t\n<h4><span class=\"thb-slidetype-entry\"><span class=\"lines\">CONTACT<\/span><\/span><\/h4>\n\t\t\t\t<style>\n\t\t\t#thb-slidetype-69df00a103195 .thb-slidetype-entry {\n\t\t\t\tcolor: #ffffff;\n\t\t\t}\n\t\t<\/style>\n\t\t\t<\/div>\n\n\t[vc_separator color=&#8221;custom&#8221; align=&#8221;align_left&#8221; el_width=&#8221;50&#8243; accent_color=&#8221;#b8b2a2&#8243;][vc_empty_space height=&#8221;35px&#8221;]\t<div id=\"thb-iconbox-69df00a1031ef\" class=\"thb-iconbox left type1    animation-true \" href=\"\" target=\"_self\" data-animation_speed=\"1.5\">\n\t\t\t\t\t\t<figure>\n\t\t\t<svg xmlns=\"http:\/\/www.w3.org\/2000\/svg\" viewBox=\"0 0 64 64\" enable-background=\"new 0 0 64 64\"><g fill=\"none\" stroke=\"#000\" stroke-width=\"2\" stroke-miterlimit=\"10\"><path d=\"m1 13h62v37h-62z\"\/><path d=\"m1 13l31 20 31-20\"\/><\/g><\/svg>\t\t<\/figure>\n\t\t\t\t<div class=\"iconbox-content\">\n\t\t\t\t\t\t\t<h5>reservas@divinoespelho.com.br<\/h5>\t\t\t<div class=\"thb-iconbox-text\">\n\t\t\t\t\t\t\t<\/div>\n\t\t<\/div>\n\t\t\t\t\t\t<style>\n\t\t\t\t\t\t\t\t\t\t\t\t\t\t\t\t\t\t\t\t\t\/* Hover *\/\n\t\t\t\t\t\t\t\t\t\t\t<\/style>\n\t\t\t<\/div>\n\t\t<a id=\"thb-iconbox-69df00a1032b6\" class=\"has-link thb-iconbox left type1    animation-true \" href=\"https:\/\/wa.me\/message\/463EFU6I2PEOA1\" target=\"_blank\" data-animation_speed=\"1.5\" rel=\"nofollow noopener\">\n\t\t\t\t\t\t<figure>\n\t\t\t<svg xmlns=\"http:\/\/www.w3.org\/2000\/svg\" viewBox=\"0 0 64 64\" enable-background=\"new 0 0 64 64\"><path fill=\"none\" stroke=\"#000\" stroke-width=\"2\" stroke-miterlimit=\"10\" d=\"m32 47h31v-42h-62v42h17v12z\"\/><\/svg>\t\t<\/figure>\n\t\t\t\t<div class=\"iconbox-content\">\n\t\t\t\t\t\t\t<h5>+55 73 9991-2929<\/h5>\t\t\t<div class=\"thb-iconbox-text\">\n\t\t\t\t\t\t\t<\/div>\n\t\t<\/div>\n\t\t\t\t\t\t<style>\n\t\t\t\t\t\t\t\t\t\t\t\t\t\t\t\t\t\t\t\t\t\/* Hover *\/\n\t\t\t\t\t\t\t\t\t\t\t<\/style>\n\t\t\t<\/a>\n\t\t<a id=\"thb-iconbox-69df00a1033da\" class=\"has-link thb-iconbox left type1    animation-true \" href=\"https:\/\/wa.me\/message\/463EFU6I2PEOA1\" target=\"_blank\" data-animation_speed=\"1.5\" rel=\"nofollow noopener\">\n\t\t\t\t\t\t<figure>\n\t\t\t<svg xmlns=\"http:\/\/www.w3.org\/2000\/svg\" viewBox=\"0 0 64 64\" enable-background=\"new 0 0 64 64\"><path fill=\"none\" stroke=\"#000\" stroke-width=\"2\" stroke-miterlimit=\"10\" d=\"m32 47h31v-42h-62v42h17v12z\"\/><\/svg>\t\t<\/figure>\n\t\t\t\t<div class=\"iconbox-content\">\n\t\t\t\t\t\t\t<h5>+55 73 99840-6285<\/h5>\t\t\t<div class=\"thb-iconbox-text\">\n\t\t\t\t\t\t\t<\/div>\n\t\t<\/div>\n\t\t\t\t\t\t<style>\n\t\t\t\t\t\t\t\t\t\t\t\t\t\t\t\t\t\t\t\t\t\/* Hover *\/\n\t\t\t\t\t\t\t\t\t\t\t<\/style>\n\t\t\t<\/a>\n\t\t<a id=\"thb-iconbox-69df00a10354e\" class=\"has-link thb-iconbox left type1    animation-true \" href=\"https:\/\/wa.me\/5573999214314\" target=\"_blank\" data-animation_speed=\"1.5\" rel=\"nofollow noopener\">\n\t\t\t\t\t\t<figure>\n\t\t\t<svg xmlns=\"http:\/\/www.w3.org\/2000\/svg\" viewBox=\"0 0 64 64\" enable-background=\"new 0 0 64 64\"><path fill=\"none\" stroke=\"#000\" stroke-width=\"2\" stroke-miterlimit=\"10\" d=\"m32 47h31v-42h-62v42h17v12z\"\/><\/svg>\t\t<\/figure>\n\t\t\t\t<div class=\"iconbox-content\">\n\t\t\t\t\t\t\t<h5>+55 73 9921-4314<\/h5>\t\t\t<div class=\"thb-iconbox-text\">\n\t\t\t\t<p>Concierge Service<\/p>\n\t\t\t<\/div>\n\t\t<\/div>\n\t\t\t\t\t\t<style>\n\t\t\t\t\t\t\t\t\t\t\t\t\t\t\t\t\t\t\t\t\t\/* Hover *\/\n\t\t\t\t\t\t\t\t\t\t\t<\/style>\n\t\t\t<\/a>\n\t[vc_empty_space height=&#8221;35px&#8221;][vc_toggle title=&#8221;DIRE\u00c7\u00d5ES&#8221; style=&#8221;arrow&#8221; color=&#8221;white&#8221;]\n<h6><strong>O trajeto do aeroporto at\u00e9 o Hotel Cal\u00e1 &amp; Divino leva cerca de 2h.<\/strong><\/h6>\n<h6>N\u00e3o utilize os aplicativos Google Maps ou Waze. Atualmente esses aplicativos levam para um caminho que n\u00e3o \u00e9 o correto. J\u00e1 estamos trabalhando para corrigir este problema.<\/h6>\n<h6>O Google Maps ou o Waze podem ajudar at\u00e9 o trevo na entrada de Trancoso. A partir desse ponto, recomendamos seguir as instru\u00e7\u00f5es abaixo:<\/h6>\n<h6>. Ao chegar ao trevo de Trancoso, siga no sentido Cara\u00edva\/Espelho;<br \/>\n. Ap\u00f3s cerca de 20 min de estrada de terra, voc\u00eas estar\u00e3o dentro da vila de Itaporanga. \u2013 Siga as placas orientando o caminho para a Praia do Espelho;<br \/>\n. No fim da rua, vire \u00e0 direita. Logo h\u00e1 uma bifurca\u00e7\u00e3o \u2013 nela voc\u00ea deve entrar para esquerda, no sentido Praia do Espelho;<br \/>\n. Dentro de aproximadamente 5 min voc\u00ea chegar\u00e1 \u00e0 portaria do Condom\u00ednio Outeiro das Brisas. Siga em frente;<br \/>\n. 2 km depois da portaria do Condom\u00ednio Outeiro das Brisas h\u00e1 uma estrada de terra \u00e0 direita, sinalizada por uma placa de madeira com o logotipo do Hotel Cal\u00e1 &amp; Divino \u2013 Siga por essa estrada;<br \/>\n. Ao chegar \u00e0 portaria da fazenda, siga as placas por alguns minutos at\u00e9 nossa recep\u00e7\u00e3o, que fica logo ao lado do estacionamento.<\/h6>\n[\/vc_toggle][vc_separator color=&#8221;custom&#8221; align=&#8221;align_left&#8221; el_width=&#8221;50&#8243; accent_color=&#8221;#b8b2a2&#8243;][\/vc_column][\/vc_row][vc_row thb_full_width=&#8221;true&#8221; thb_row_padding=&#8221;true&#8221; thb_column_padding=&#8221;true&#8221; thb_divider_position=&#8221;bottom&#8221; el_class=&#8221;mapagoogle&#8221;][vc_column el_class=&#8221;mapagoogle&#8221;][vc_raw_html el_class=&#8221;mapagoogle&#8221;]JTNDaWZyYW1lJTIwc3JjJTNEJTIyaHR0cHMlM0ElMkYlMkZ3d3cuZ29vZ2xlLmNvbSUyRm1hcHMlMkZlbWJlZCUzRnBiJTNEJTIxMW0xOCUyMTFtMTIlMjExbTMlMjExZDEwMTkuMzc0NTA4MDE3NjQ0NiUyMTJkLTM5LjEyNTkxMDkxNTEyNjAyJTIxM2QtMTYuNzI4OTk1OTQ4Mjc5OTIlMjEybTMlMjExZjAlMjEyZjAlMjEzZjAlMjEzbTIlMjExaTEwMjQlMjEyaTc2OCUyMTRmMTMuMSUyMTNtMyUyMTFtMiUyMTFzMHg3MzQyNzdjOWZiZmM4ZTclMjUzQTB4YTY2YWNjNmNjZjhhMDgzZCUyMTJzQ2FsJTI1QzMlMjVBMSUyNTIwJTI1MjYlMjUyMERpdmlubyUyNTIwSG90ZWwlMjUyMENhc2ElMjE1ZTAlMjEzbTIlMjExc3B0LUJSJTIxMnNiciUyMTR2MTY1MjgxMzE3MTAxMyUyMTVtMiUyMTFzcHQtQlIlMjEyc2JyJTIyJTIwc3R5bGUlM0QlMjJ3aWR0aCUzQTEwMCUyNSUzQmJvcmRlciUzQTAlM0IlMjIlMjBoZWlnaHQlM0QlMjI0MjAlMjIlMjBhbGxvd2Z1bGxzY3JlZW4lM0QlMjIlMjIlMjBsb2FkaW5nJTNEJTIybGF6eSUyMiUyMHJlZmVycmVycG9saWN5JTNEJTIybm8tcmVmZXJyZXItd2hlbi1kb3duZ3JhZGUlMjIlM0UlM0MlMkZpZnJhbWUlM0U=[\/vc_raw_html][\/vc_column][\/vc_row]\n<\/div>","protected":false},"excerpt":{"rendered":"<p>[vc_row thb_full_width=&#8221;true&#8221; thb_row_padding=&#8221;true&#8221; thb_color=&#8221;light-title&#8221; full_height=&#8221;yes&#8221; content_placement=&#8221;middle&#8221; thb_divider_position=&#8221;bottom&#8221; css=&#8221;.vc_custom_1657720037845{background-image: url(https:\/\/calaedivino.com\/wp-content\/uploads\/2022\/07\/contato-caladivino.jpg?id=2633) !important;background-position: center !important;background-repeat: no-repeat !important;background-size: cover !important;}&#8221; thb_divider_color=&#8221;#19191c&#8221; thb_divider_height=&#8221;250&#8243; thb_divider_mobile_height=&#8221;130&#8243; el_class=&#8221;align-center vc_hidden-sm vc_hidden-xs&#8221;][vc_column thb_color=&#8221;thb-light-column&#8221; width=&#8221;1\/3&#8243; css=&#8221;.vc_custom_1654120053162{padding-top: 45px !important;padding-right: 45px !important;padding-bottom: 45px !important;padding-left: 12vh !important;}&#8221;][vc_separator color=&#8221;custom&#8221; align=&#8221;align_left&#8221; el_width=&#8221;50&#8243; accent_color=&#8221;#b8b2a2&#8243;][vc_empty_space height=&#8221;35px&#8221;][\/vc_column][vc_column thb_color=&#8221;thb-light-column&#8221; width=&#8221;1\/2&#8243;][vc_toggle title=&#8221;DIRECTIONS&#8221; style=&#8221;arrow&#8221; color=&#8221;white&#8221; css=&#8221;&#8221;] The journey from the airport to Hotel Cal\u00e1 &amp; Divino takes&hellip;<\/p>\n","protected":false},"author":1,"featured_media":0,"parent":0,"menu_order":0,"comment_status":"closed","ping_status":"closed","template":"","meta":{"footnotes":""},"class_list":["post-3570","page","type-page","status-publish","hentry"],"_links":{"self":[{"href":"https:\/\/calaedivino.com\/en\/wp-json\/wp\/v2\/pages\/3570","targetHints":{"allow":["GET"]}}],"collection":[{"href":"https:\/\/calaedivino.com\/en\/wp-json\/wp\/v2\/pages"}],"about":[{"href":"https:\/\/calaedivino.com\/en\/wp-json\/wp\/v2\/types\/page"}],"author":[{"embeddable":true,"href":"https:\/\/calaedivino.com\/en\/wp-json\/wp\/v2\/users\/1"}],"replies":[{"embeddable":true,"href":"https:\/\/calaedivino.com\/en\/wp-json\/wp\/v2\/comments?post=3570"}],"version-history":[{"count":0,"href":"https:\/\/calaedivino.com\/en\/wp-json\/wp\/v2\/pages\/3570\/revisions"}],"wp:attachment":[{"href":"https:\/\/calaedivino.com\/en\/wp-json\/wp\/v2\/media?parent=3570"}],"curies":[{"name":"wp","href":"https:\/\/api.w.org\/{rel}","templated":true}]}}